{"id":1704,"date":"2021-05-19T15:26:12","date_gmt":"2021-05-19T13:26:12","guid":{"rendered":"https:\/\/bonus.mobilbahis1254.com\/tr\/?page_id=1704"},"modified":"2021-05-19T15:26:12","modified_gmt":"2021-05-19T13:26:12","slug":"site-map","status":"publish","type":"page","link":"https:\/\/bonus.mobilbahis1254.com\/tr\/site-map\/","title":{"rendered":"Site Map"},"content":{"rendered":"<p><strong><a href=\"https:\/\/bonus.mobilbahis1254.com\/tr\/bahis\/\" title=\"Bahis\">Bahis<\/a><\/strong><ul class=\"lcp_catlist\" id=\"lcp_instance_0\"><li><a href=\"https:\/\/bonus.mobilbahis1254.com\/tr\/avrupa-quizi-2\/\" title=\"AVRUPA QU\u0130Z\u0130\">AVRUPA QU\u0130Z\u0130<\/a><\/li><li><a href=\"https:\/\/bonus.mobilbahis1254.com\/tr\/haftalik-bedava-bahis-special\/\" title=\"HAFTALIK BEDAVA BAH\u0130S\">HAFTALIK BEDAVA BAH\u0130S<\/a><\/li><li><a href=\"https:\/\/bonus.mobilbahis1254.com\/tr\/dogru-tahminle-bedava-bahis-kazan-derby\/\" title=\"S\u00dcPER L\u0130G QU\u0130Z\u0130\">S\u00dcPER L\u0130G QU\u0130Z\u0130<\/a><\/li><li><a href=\"https:\/\/bonus.mobilbahis1254.com\/tr\/haftalik-bedava-bahis-special2\/\" title=\"HAFTALIK BEDAVA BAH\u0130S\">HAFTALIK BEDAVA BAH\u0130S<\/a><\/li><li><a href=\"https:\/\/bonus.mobilbahis1254.com\/tr\/haftalik-bedava-bahis-normal\/\" title=\"HAFTALIK BEDAVA BAH\u0130S\">HAFTALIK BEDAVA BAH\u0130S<\/a><\/li><li><a href=\"https:\/\/bonus.mobilbahis1254.com\/tr\/sanal-sporlardan-free-spin-bedava-bahis-2\/\" title=\"SANAL SPORLARDAN FREE SP\u0130N + BEDAVA BAH\u0130S\">SANAL SPORLARDAN FREE SP\u0130N + BEDAVA BAH\u0130S<\/a><\/li><li><a href=\"https:\/\/bonus.mobilbahis1254.com\/tr\/gol-basina-bedava-bahis\/\" title=\"GOL BA\u015eINA BEDAVA BAH\u0130S\">GOL BA\u015eINA BEDAVA BAH\u0130S<\/a><\/li><li><a href=\"https:\/\/bonus.mobilbahis1254.com\/tr\/haftalik-bedava-bahis-normal-2\/\" title=\"HAFTALIK BEDAVA BAH\u0130S\">HAFTALIK BEDAVA BAH\u0130S<\/a><\/li><li><a href=\"https:\/\/bonus.mobilbahis1254.com\/tr\/e-sporlara-250-tl-bedava-bahis\/\" title=\"E-SPORLARA 250 TL BEDAVA BAH\u0130S\">E-SPORLARA 250 TL BEDAVA BAH\u0130S<\/a><\/li><li><a href=\"https:\/\/bonus.mobilbahis1254.com\/tr\/derbide-gol-basina-odul-kazan-2\/\" title=\"DERB\u0130DE GOL BA\u015eINA \u00d6D\u00dcL KAZAN\">DERB\u0130DE GOL BA\u015eINA \u00d6D\u00dcL KAZAN<\/a><\/li><\/ul><br \/>\n<strong><a href=\"https:\/\/bonus.mobilbahis1254.com\/tr\/canli-casino\/\" title=\"Canl\u0131 Casino\">Canl\u0131 Casino<\/a><\/strong><ul class=\"lcp_catlist\" id=\"lcp_instance_0\"><li><a href=\"https:\/\/bonus.mobilbahis1254.com\/tr\/super-kupaya-1-800-tl-bedava-bahis\/\" title=\"S\u00dcPER KUPA\u2019YA 1.800 TL BEDAVA BAH\u0130S\">S\u00dcPER KUPA\u2019YA 1.800 TL BEDAVA BAH\u0130S<\/a><\/li><li><a href=\"https:\/\/bonus.mobilbahis1254.com\/tr\/gunluk-canli-oyun-kuponlari\/\" title=\"G\u00dcNL\u00dcK CANLI OYUN KUPONLARI\">G\u00dcNL\u00dcK CANLI OYUN KUPONLARI<\/a><\/li><li><a href=\"https:\/\/bonus.mobilbahis1254.com\/tr\/blackjackte-odullu-ikililer-5\/\" title=\"BLACKJACK\u2019TE \u00d6D\u00dcLL\u00dc \u0130K\u0130L\u0130LER\">BLACKJACK\u2019TE \u00d6D\u00dcLL\u00dc \u0130K\u0130L\u0130LER<\/a><\/li><li><a href=\"https:\/\/bonus.mobilbahis1254.com\/tr\/2026ya-kazancli-geri-sayim\/\" title=\"2026\u2019YA KAZAN\u00c7LI GER\u0130 SAYIM\">2026\u2019YA KAZAN\u00c7LI GER\u0130 SAYIM<\/a><\/li><li><a href=\"https:\/\/bonus.mobilbahis1254.com\/tr\/ozel-sayilardan-her-gun-nakit\/\" title=\"\u00d6ZEL SAYILARDAN HER G\u00dcN NAK\u0130T\">\u00d6ZEL SAYILARDAN HER G\u00dcN NAK\u0130T<\/a><\/li><li><a href=\"https:\/\/bonus.mobilbahis1254.com\/tr\/milli-arada-istedigin-odul-senin\/\" title=\"M\u0130LL\u0130 ARADA \u0130STED\u0130\u011e\u0130N \u00d6D\u00dcL SEN\u0130N\">M\u0130LL\u0130 ARADA \u0130STED\u0130\u011e\u0130N \u00d6D\u00dcL SEN\u0130N<\/a><\/li><li><a href=\"https:\/\/bonus.mobilbahis1254.com\/tr\/sanal-sporlarda-free-spin-kazan\/\" title=\"SANAL SPORLARDA FREE SP\u0130N KAZAN\">SANAL SPORLARDA FREE SP\u0130N KAZAN<\/a><\/li><li><a href=\"https:\/\/bonus.mobilbahis1254.com\/tr\/canli-oyunlardan-gunluk-kuponlar-4\/\" title=\"CANLI OYUNLARDAN G\u00dcNL\u00dcK KUPONLAR\">CANLI OYUNLARDAN G\u00dcNL\u00dcK KUPONLAR<\/a><\/li><li><a href=\"https:\/\/bonus.mobilbahis1254.com\/tr\/blackjackte-odullu-ikililer-4\/\" title=\"BLACKJACK\u2019TE \u00d6D\u00dcLL\u00dc \u0130K\u0130L\u0130LER\">BLACKJACK\u2019TE \u00d6D\u00dcLL\u00dc \u0130K\u0130L\u0130LER<\/a><\/li><li><a href=\"https:\/\/bonus.mobilbahis1254.com\/tr\/her-gun-buyuk-kazanc\/\" title=\"HER G\u00dcN B\u00dcY\u00dcK KAZAN\u00c7\">HER G\u00dcN B\u00dcY\u00dcK KAZAN\u00c7<\/a><\/li><\/ul><br \/>\n<strong><a href=\"https:\/\/bonus.mobilbahis1254.com\/tr\/casino\/\" title=\"Casino\">Casino<\/a><\/strong><ul class=\"lcp_catlist\" id=\"lcp_instance_0\"><li><a href=\"https:\/\/bonus.mobilbahis1254.com\/tr\/14-00e-kadar-50-free-spin-al-4\/\" title=\"14.00\u2019E KADAR 50 FREE SP\u0130N AL\">14.00\u2019E KADAR 50 FREE SP\u0130N AL<\/a><\/li><li><a href=\"https:\/\/bonus.mobilbahis1254.com\/tr\/yeni-slota-free-spinle-basla-3\/\" title=\"YEN\u0130 SLOTA FREE SP\u0130NLE BA\u015eLA\">YEN\u0130 SLOTA FREE SP\u0130NLE BA\u015eLA<\/a><\/li><li><a href=\"https:\/\/bonus.mobilbahis1254.com\/tr\/yeni-slota-20-free-spin\/\" title=\"YEN\u0130 SLOTA 20 FREE SP\u0130N\">YEN\u0130 SLOTA 20 FREE SP\u0130N<\/a><\/li><li><a href=\"https:\/\/bonus.mobilbahis1254.com\/tr\/yeni-slota-free-spinle-basla-2\/\" title=\"YEN\u0130 SLOTA FREE SP\u0130NLE BA\u015eLA\">YEN\u0130 SLOTA FREE SP\u0130NLE BA\u015eLA<\/a><\/li><li><a href=\"https:\/\/bonus.mobilbahis1254.com\/tr\/bonanza-senliginde-kazan\/\" title=\"Bonanza \u015eenli\u011fi\u2019nde Kazan\">Bonanza \u015eenli\u011fi\u2019nde Kazan<\/a><\/li><li><a href=\"https:\/\/bonus.mobilbahis1254.com\/tr\/hafta-sonuna-ozel-free-spinler-8\/\" title=\"HAFTA SONUNA \u00d6ZEL FREE SP\u0130NLER\">HAFTA SONUNA \u00d6ZEL FREE SP\u0130NLER<\/a><\/li><li><a href=\"https:\/\/bonus.mobilbahis1254.com\/tr\/yeni-jackpotlar-alev-alev\/\" title=\"YEN\u0130 JACKPOTLAR ALEV ALEV\">YEN\u0130 JACKPOTLAR ALEV ALEV<\/a><\/li><li><a href=\"https:\/\/bonus.mobilbahis1254.com\/tr\/14-00e-kadar-50-free-spin-al-3\/\" title=\"14.00\u2019E KADAR 50 FREE SP\u0130N AL\">14.00\u2019E KADAR 50 FREE SP\u0130N AL<\/a><\/li><li><a href=\"https:\/\/bonus.mobilbahis1254.com\/tr\/amusnet-slotlarinda-bonusla-kazan\/\" title=\"AMUSNET SLOTLARINDA BONUS\u2019LA KAZAN\">AMUSNET SLOTLARINDA BONUS\u2019LA KAZAN<\/a><\/li><li><a href=\"https:\/\/bonus.mobilbahis1254.com\/tr\/populer-slotlarda-600-tl-bonus\/\" title=\"POP\u00dcLER SLOTLARDA 600 TL BONUS\">POP\u00dcLER SLOTLARDA 600 TL BONUS<\/a><\/li><\/ul><br \/>\n<strong><a href=\"https:\/\/bonus.mobilbahis1254.com\/tr\/poker\/\" title=\"Poker\">Poker<\/a><\/strong><ul class=\"lcp_catlist\" id=\"lcp_instance_0\"><li><a href=\"https:\/\/bonus.mobilbahis1254.com\/tr\/yeni-poker-hosgeldin-bonusu\/\" title=\"YEN\u0130 POKER HO\u015eGELD\u0130N BONUSU\">YEN\u0130 POKER HO\u015eGELD\u0130N BONUSU<\/a><\/li><li><a href=\"https:\/\/bonus.mobilbahis1254.com\/tr\/gladyator-dovusleri\/\" title=\"GLADYAT\u00d6R D\u00d6V\u00dc\u015eLER\u0130\">GLADYAT\u00d6R D\u00d6V\u00dc\u015eLER\u0130<\/a><\/li><li><a href=\"https:\/\/bonus.mobilbahis1254.com\/tr\/odul-avi-serisi-gladyator-gorevleri\/\" title=\"5.500.000 \u20ac\u2019LUK \u00d6D\u00dcL AVI SER\u0130S\u0130(BHS): GLADYAT\u00d6R VERS\u0130YONU\">5.500.000 \u20ac\u2019LUK \u00d6D\u00dcL AVI SER\u0130S\u0130(BHS): GLADYAT\u00d6R VERS\u0130YONU<\/a><\/li><li><a href=\"https:\/\/bonus.mobilbahis1254.com\/tr\/kosta-rika-festivali\/\" title=\"KOSTA R\u0130KA POKER FEST\u0130VAL\u0130\">KOSTA R\u0130KA POKER FEST\u0130VAL\u0130<\/a><\/li><li><a href=\"https:\/\/bonus.mobilbahis1254.com\/tr\/sonbahar-elit-serisi\/\" title=\"Sonbahar Elit Serisi\">Sonbahar Elit Serisi<\/a><\/li><li><a href=\"https:\/\/bonus.mobilbahis1254.com\/tr\/online-festival-serisi\/\" title=\"ONLINE FEST\u0130VAL SER\u0130S\u0130\">ONLINE FEST\u0130VAL SER\u0130S\u0130<\/a><\/li><li><a href=\"https:\/\/bonus.mobilbahis1254.com\/tr\/pokerde-elit-seri-odullerini-yakala\/\" title=\"POKER EL\u0130T SER\u0130S\u0130\u2019NDE KAZANCINI KATLA\">POKER EL\u0130T SER\u0130S\u0130\u2019NDE KAZANCINI KATLA<\/a><\/li><li><a href=\"https:\/\/bonus.mobilbahis1254.com\/tr\/poker-happy-hours\/\" title=\"POKER\u2019DENMUTLU SAATLERDE \u00d6D\u00dcL YA\u011eMURU\">POKER\u2019DENMUTLU SAATLERDE \u00d6D\u00dcL YA\u011eMURU<\/a><\/li><li><a href=\"https:\/\/bonus.mobilbahis1254.com\/tr\/pokerden-haftalik-100-000e-odul\/\" title=\"POKER\u2019DEN HAFTALIK 100.000\u20ac \u00d6D\u00dcL\">POKER\u2019DEN HAFTALIK 100.000\u20ac \u00d6D\u00dcL<\/a><\/li><li><a href=\"https:\/\/bonus.mobilbahis1254.com\/tr\/bhs-flighted-ko-poker\/\" title=\"\u00d6D\u00dcL AVI SER\u0130S\u0130NDEN 5.500.000\u20ac\">\u00d6D\u00dcL AVI SER\u0130S\u0130NDEN 5.500.000\u20ac<\/a><\/li><\/ul><br \/>\n<strong><a href=\"https:\/\/bonus.mobilbahis1254.com\/tr\/genel-kampanyalar\/\" title=\"Genel Kampanyalar\">Genel Kampanyalar<\/a><\/strong><ul class=\"lcp_catlist\" id=\"lcp_instance_0\"><li><a href=\"https:\/\/bonus.mobilbahis1254.com\/tr\/haftalik-bedava-bahis-special\/\" title=\"HAFTALIK BEDAVA BAH\u0130S\">HAFTALIK BEDAVA BAH\u0130S<\/a><\/li><li><a href=\"https:\/\/bonus.mobilbahis1254.com\/tr\/haftalik-bedava-bahis-special2\/\" title=\"HAFTALIK BEDAVA BAH\u0130S\">HAFTALIK BEDAVA BAH\u0130S<\/a><\/li><li><a href=\"https:\/\/bonus.mobilbahis1254.com\/tr\/haftalik-bedava-bahis-normal\/\" title=\"HAFTALIK BEDAVA BAH\u0130S\">HAFTALIK BEDAVA BAH\u0130S<\/a><\/li><li><a href=\"https:\/\/bonus.mobilbahis1254.com\/tr\/ilk-para-yatirma-bonusu\/\" title=\"SEN\u0130N BONUSUN SEN\u0130N SE\u00c7\u0130M\u0130N\">SEN\u0130N BONUSUN SEN\u0130N SE\u00c7\u0130M\u0130N<\/a><\/li><li><a href=\"https:\/\/bonus.mobilbahis1254.com\/tr\/haftalik-bedava-bahis-normal-2\/\" title=\"HAFTALIK BEDAVA BAH\u0130S\">HAFTALIK BEDAVA BAH\u0130S<\/a><\/li><li><a href=\"https:\/\/bonus.mobilbahis1254.com\/tr\/haftalik-kripto-yatirim-bonusu\/\" title=\"HAFTALIK KR\u0130PTO YATIRIM BONUSU\">HAFTALIK KR\u0130PTO YATIRIM BONUSU<\/a><\/li><li><a href=\"https:\/\/bonus.mobilbahis1254.com\/tr\/500-tl-deneme-bonusu-al\/\" title=\"500 TL DENEME BONUSU AL\">500 TL DENEME BONUSU AL<\/a><\/li><li><a href=\"https:\/\/bonus.mobilbahis1254.com\/tr\/sezon-acilisi-kampanyalari\/\" title=\"SEZON A\u00c7ILI\u015eI KAMPANYALARI\">SEZON A\u00c7ILI\u015eI KAMPANYALARI<\/a><\/li><li><a href=\"https:\/\/bonus.mobilbahis1254.com\/tr\/haftalik-bedava-bahis-champions-league\/\" title=\"HAFTALIK BEDAVA BAH\u0130S\">HAFTALIK BEDAVA BAH\u0130S<\/a><\/li><li><a href=\"https:\/\/bonus.mobilbahis1254.com\/tr\/haftalik-bedava-bahis-conference-league\/\" title=\"HAFTALIK BEDAVA BAH\u0130S\">HAFTALIK BEDAVA BAH\u0130S<\/a><\/li><\/ul><\/p>\n","protected":false},"excerpt":{"rendered":"","protected":false},"author":2,"featured_media":0,"parent":0,"menu_order":0,"comment_status":"closed","ping_status":"closed","template":"","meta":{"_links_to":"","_links_to_target":""},"categories":[],"tags":[],"_links":{"self":[{"href":"https:\/\/bonus.mobilbahis1254.com\/tr\/wp-json\/wp\/v2\/pages\/1704"}],"collection":[{"href":"https:\/\/bonus.mobilbahis1254.com\/tr\/wp-json\/wp\/v2\/pages"}],"about":[{"href":"https:\/\/bonus.mobilbahis1254.com\/tr\/wp-json\/wp\/v2\/types\/page"}],"author":[{"embeddable":true,"href":"https:\/\/bonus.mobilbahis1254.com\/tr\/wp-json\/wp\/v2\/users\/2"}],"replies":[{"embeddable":true,"href":"https:\/\/bonus.mobilbahis1254.com\/tr\/wp-json\/wp\/v2\/comments?post=1704"}],"version-history":[{"count":0,"href":"https:\/\/bonus.mobilbahis1254.com\/tr\/wp-json\/wp\/v2\/pages\/1704\/revisions"}],"wp:attachment":[{"href":"https:\/\/bonus.mobilbahis1254.com\/tr\/wp-json\/wp\/v2\/media?parent=1704"}],"wp:term":[{"taxonomy":"category","embeddable":true,"href":"https:\/\/bonus.mobilbahis1254.com\/tr\/wp-json\/wp\/v2\/categories?post=1704"},{"taxonomy":"post_tag","embeddable":true,"href":"https:\/\/bonus.mobilbahis1254.com\/tr\/wp-json\/wp\/v2\/tags?post=1704"}],"curies":[{"name":"wp","href":"https:\/\/api.w.org\/{rel}","templated":true}]}}