{"id":2522,"date":"2022-03-17T10:19:20","date_gmt":"2022-03-17T09:19:20","guid":{"rendered":"https:\/\/bonus.mobilbahis1254.com\/tr\/?page_id=2522"},"modified":"2022-03-17T11:00:12","modified_gmt":"2022-03-17T10:00:12","slug":"android-uygulamasi","status":"publish","type":"page","link":"https:\/\/bonus.mobilbahis1254.com\/tr\/android-uygulamasi\/","title":{"rendered":"Mobilbahis Android Uygulamas\u0131"},"content":{"rendered":"<h3>H\u0131zl\u0131 kurulum rehberi<\/h3>\n<p>Google Play Store ger\u00e7ek para ile oynanan uygulamalar\u0131 hen\u00fcz desteklememektedir. Bu y\u00fczden kurulumunuzu yaparken bilinmeyen kaynaklardan gelen uygulamalara izin vermeniz gerekmektedir.Uygulama, web sitemizdeki g\u00fcvenlik standartlar\u0131na sahiptir.<\/p>\n<div class=\"button-wrapper cmbw\"><a class=\"button\" href=\"https:\/\/inroute.mobilb.link\/download-android-app\"><i>Uygulamay\u0131 Y\u00fckle<\/i><\/a><\/div>\n<p><strong>Bilinmeyen Kaynaklar&#8217;a izin vermek<\/strong><\/p>\n<p>Hen\u00fcz yapmad\u0131ysan\u0131z, 3. parti yaz\u0131l\u0131mlar\u0131 kurabilmeniz i\u00e7in cihaz\u0131n\u0131z\u0131n uygulama ayarlar\u0131n\u0131 de\u011fi\u015ftirmeniz gerekmektedir.<\/p>\n<p><strong>Men\u00fc tu\u015funa bast\u0131ktan sonra \u015fu ad\u0131mlar\u0131 uygulay\u0131n:<\/strong><\/p>\n<ul>\n<li><strong>Bul: <span style=\"color: #ffc328;\">Ayarlar<\/span><\/strong><\/li>\n<li><strong>Se\u00e7: <span style=\"color: #ffc328;\">G\u00fcvenlik<\/span><\/strong><\/li>\n<li><strong>Aktif: <span style=\"color: #ffc328;\">Bilinmeyen kaynaklar<\/span><\/strong><\/li>\n<\/ul>\n<p><strong>\u0130ndirme ve Kurulum<\/strong><\/p>\n<ul>\n<li>Uygulamay\u0131 indirin<\/li>\n<li>E\u011fer kurulum i\u015flemi otomatik olarak ba\u015flamazsa, dosya indirme y\u00f6neticisinden MobilBahis install.apk dosyas\u0131n\u0131 bulun. E\u011fer bulamazsan\u0131z, indirme i\u015flemini tekrar edebilirsiniz.<\/li>\n<li>E\u011fer uygulaman\u0131n bilinmeyen bir kaynaktan geldi\u011fi gerek\u00e7esiyle kurulumun ger\u00e7ekle\u015femeyece\u011fi ile ilgili bir mesaj al\u0131rsan\u0131z, l\u00fctfen ba\u015flang\u0131\u00e7taki &#8220;Bilinmeyen Kaynaklar&#8221; ile ilgili ad\u0131m\u0131 tekrarlay\u0131n.<\/li>\n<\/ul>\n","protected":false},"excerpt":{"rendered":"<p>H\u0131zl\u0131 kurulum rehberi Google Play Store ger\u00e7ek para ile oynanan uygulamalar\u0131 hen\u00fcz desteklememektedir. Bu y\u00fczden kurulumunuzu yaparken bilinmeyen kaynaklardan gelen uygulamalara izin vermeniz<\/p>\n","protected":false},"author":2,"featured_media":2524,"parent":0,"menu_order":0,"comment_status":"closed","ping_status":"closed","template":"","meta":{"_links_to":"","_links_to_target":""},"categories":[],"tags":[],"_links":{"self":[{"href":"https:\/\/bonus.mobilbahis1254.com\/tr\/wp-json\/wp\/v2\/pages\/2522"}],"collection":[{"href":"https:\/\/bonus.mobilbahis1254.com\/tr\/wp-json\/wp\/v2\/pages"}],"about":[{"href":"https:\/\/bonus.mobilbahis1254.com\/tr\/wp-json\/wp\/v2\/types\/page"}],"author":[{"embeddable":true,"href":"https:\/\/bonus.mobilbahis1254.com\/tr\/wp-json\/wp\/v2\/users\/2"}],"replies":[{"embeddable":true,"href":"https:\/\/bonus.mobilbahis1254.com\/tr\/wp-json\/wp\/v2\/comments?post=2522"}],"version-history":[{"count":0,"href":"https:\/\/bonus.mobilbahis1254.com\/tr\/wp-json\/wp\/v2\/pages\/2522\/revisions"}],"wp:featuredmedia":[{"embeddable":true,"href":"https:\/\/bonus.mobilbahis1254.com\/tr\/wp-json\/wp\/v2\/media\/2524"}],"wp:attachment":[{"href":"https:\/\/bonus.mobilbahis1254.com\/tr\/wp-json\/wp\/v2\/media?parent=2522"}],"wp:term":[{"taxonomy":"category","embeddable":true,"href":"https:\/\/bonus.mobilbahis1254.com\/tr\/wp-json\/wp\/v2\/categories?post=2522"},{"taxonomy":"post_tag","embeddable":true,"href":"https:\/\/bonus.mobilbahis1254.com\/tr\/wp-json\/wp\/v2\/tags?post=2522"}],"curies":[{"name":"wp","href":"https:\/\/api.w.org\/{rel}","templated":true}]}}