{"id":9828,"date":"2026-04-06T00:00:58","date_gmt":"2026-04-05T21:00:58","guid":{"rendered":"https:\/\/bonus.mobilbahis1254.com\/tr\/?page_id=9828"},"modified":"2026-03-31T16:20:26","modified_gmt":"2026-03-31T13:20:26","slug":"jelly-express-odul-yagmuru","status":"publish","type":"page","link":"https:\/\/bonus.mobilbahis1254.com\/tr\/jelly-express-odul-yagmuru\/","title":{"rendered":"Jelly Express \u00d6d\u00fcl Ya\u011fmuru"},"content":{"rendered":"<p><span style=\"font-weight: 400;\">Toplamda tam 50.000.000 TL Nakit \u00d6d\u00fcl, s\u00fcrpriz d\u00fc\u015f\u00fc\u015flerle Jelly Express slotunda da\u011f\u0131t\u0131l\u0131yor. Minimum spin ko\u015fulu olmaks\u0131z\u0131n oyna, s\u00fcrpriz \u00f6d\u00fcl \u015fans\u0131n\u0131 yakala!<\/span><\/p>\n","protected":false},"excerpt":{"rendered":"<p>Toplamda tam 50.000.000 TL Nakit \u00d6d\u00fcl, s\u00fcrpriz d\u00fc\u015f\u00fc\u015flerle Jelly Express slotunda da\u011f\u0131t\u0131l\u0131yor. Minimum spin ko\u015fulu olmaks\u0131z\u0131n oyna, s\u00fcrpriz \u00f6d\u00fcl \u015fans\u0131n\u0131 yakala!<\/p>\n","protected":false},"author":95,"featured_media":9829,"parent":0,"menu_order":0,"comment_status":"closed","ping_status":"closed","template":"","meta":{"_links_to":"","_links_to_target":""},"categories":[4],"tags":[582],"_links":{"self":[{"href":"https:\/\/bonus.mobilbahis1254.com\/tr\/wp-json\/wp\/v2\/pages\/9828"}],"collection":[{"href":"https:\/\/bonus.mobilbahis1254.com\/tr\/wp-json\/wp\/v2\/pages"}],"about":[{"href":"https:\/\/bonus.mobilbahis1254.com\/tr\/wp-json\/wp\/v2\/types\/page"}],"author":[{"embeddable":true,"href":"https:\/\/bonus.mobilbahis1254.com\/tr\/wp-json\/wp\/v2\/users\/95"}],"replies":[{"embeddable":true,"href":"https:\/\/bonus.mobilbahis1254.com\/tr\/wp-json\/wp\/v2\/comments?post=9828"}],"version-history":[{"count":0,"href":"https:\/\/bonus.mobilbahis1254.com\/tr\/wp-json\/wp\/v2\/pages\/9828\/revisions"}],"wp:featuredmedia":[{"embeddable":true,"href":"https:\/\/bonus.mobilbahis1254.com\/tr\/wp-json\/wp\/v2\/media\/9829"}],"wp:attachment":[{"href":"https:\/\/bonus.mobilbahis1254.com\/tr\/wp-json\/wp\/v2\/media?parent=9828"}],"wp:term":[{"taxonomy":"category","embeddable":true,"href":"https:\/\/bonus.mobilbahis1254.com\/tr\/wp-json\/wp\/v2\/categories?post=9828"},{"taxonomy":"post_tag","embeddable":true,"href":"https:\/\/bonus.mobilbahis1254.com\/tr\/wp-json\/wp\/v2\/tags?post=9828"}],"curies":[{"name":"wp","href":"https:\/\/api.w.org\/{rel}","templated":true}]}}